{"id":92,"date":"2024-08-07T14:00:38","date_gmt":"2024-08-07T12:00:38","guid":{"rendered":"https:\/\/www.poissonnerielasaline.fr\/?page_id=92"},"modified":"2025-08-11T14:56:35","modified_gmt":"2025-08-11T12:56:35","slug":"notre-histoire","status":"publish","type":"page","link":"https:\/\/www.poissonnerielasaline.fr\/index.php\/notre-histoire\/","title":{"rendered":"Notre histoire"},"content":{"rendered":"\t\t<div data-elementor-type=\"wp-page\" data-elementor-id=\"92\" class=\"elementor elementor-92\">\n\t\t\t\t<div class=\"elementor-element elementor-element-c4b1fd9 e-grid e-con-boxed e-con e-parent\" data-id=\"c4b1fd9\" data-element_type=\"container\">\n\t\t\t\t\t<div class=\"e-con-inner\">\n\t\t\t\t<div class=\"elementor-element elementor-element-1ae66fa elementor-widget elementor-widget-heading\" data-id=\"1ae66fa\" data-element_type=\"widget\" data-widget_type=\"heading.default\">\n\t\t\t\t<div class=\"elementor-widget-container\">\n\t\t\t\t\t<h2 class=\"elementor-heading-title elementor-size-default\">Une histoire de famille depuis <br>les ann\u00e9es 50...<\/h2>\t\t\t\t<\/div>\n\t\t\t\t<\/div>\n\t\t\t\t<div class=\"elementor-element elementor-element-5242ce2 elementor-widget elementor-widget-image\" data-id=\"5242ce2\" data-element_type=\"widget\" data-widget_type=\"image.default\">\n\t\t\t\t<div class=\"elementor-widget-container\">\n\t\t\t\t\t\t\t\t\t\t\t\t\t\t\t<img fetchpriority=\"high\" decoding=\"async\" width=\"300\" height=\"186\" src=\"https:\/\/www.poissonnerielasaline.fr\/wp-content\/uploads\/2024\/08\/IMG_1257-300x186.jpg\" class=\"attachment-medium size-medium wp-image-93\" alt=\"\" srcset=\"https:\/\/www.poissonnerielasaline.fr\/wp-content\/uploads\/2024\/08\/IMG_1257-300x186.jpg 300w, https:\/\/www.poissonnerielasaline.fr\/wp-content\/uploads\/2024\/08\/IMG_1257-768x477.jpg 768w, https:\/\/www.poissonnerielasaline.fr\/wp-content\/uploads\/2024\/08\/IMG_1257-403x250.jpg 403w, https:\/\/www.poissonnerielasaline.fr\/wp-content\/uploads\/2024\/08\/IMG_1257.jpg 960w\" sizes=\"(max-width: 300px) 100vw, 300px\" \/>\t\t\t\t\t\t\t\t\t\t\t\t\t\t\t<\/div>\n\t\t\t\t<\/div>\n\t\t\t\t\t<\/div>\n\t\t\t\t<\/div>\n\t\t<div class=\"elementor-element elementor-element-87c70f7 e-grid e-con-boxed e-con e-parent\" data-id=\"87c70f7\" data-element_type=\"container\">\n\t\t\t\t\t<div class=\"e-con-inner\">\n\t\t\t\t<div class=\"elementor-element elementor-element-e90f31e elementor-widget elementor-widget-text-editor\" data-id=\"e90f31e\" data-element_type=\"widget\" data-widget_type=\"text-editor.default\">\n\t\t\t\t<div class=\"elementor-widget-container\">\n\t\t\t\t\t\t\t\t\t<p>La passion de Sophie &amp; David LEROY est un h\u00e9ritage de leurs familles.<\/p><p>Les grands parents maternels de Sophie, originaires de Saint-Vaast-la-Hougue, ont cr\u00e9es l\u2019entreprise de mareyage \u00ab\u00a0Les p\u00eacheries de St Vaast\u00a0\u00bb dans les ann\u00e9es 50. Les parents de Sophie se sont rencontr\u00e9s \u00e0 la cri\u00e9e de Cherbourg, son p\u00e8re \u00e9tait employ\u00e9 de mar\u00e9e \u00e0 Grandcamp-Maisy et sa m\u00e8re travaillait dans l\u2019entreprise familiale de St Vaast La Hougue.<\/p><p>A la fin des ann\u00e9es 60, ce sont les parents de Sophie qui cr\u00e9ent leur entreprise \u00ab\u00a0Mar\u00e9e Cherbourgeoise\u00a0\u00bb. Puis \u00e0 la fin des ann\u00e9es 80, ils ouvrent \u00e0 St Vaast la Hougue rue de Verrue, la Poissonnerie Le Barbenchon . Depuis son plus jeune \u00e2ge, Sophie a \u00e9t\u00e9 berc\u00e9e dans le milieu maritime Normand.<\/p>\t\t\t\t\t\t\t\t<\/div>\n\t\t\t\t<\/div>\n\t\t\t\t<div class=\"elementor-element elementor-element-a17e41d elementor-widget elementor-widget-text-editor\" data-id=\"a17e41d\" data-element_type=\"widget\" data-widget_type=\"text-editor.default\">\n\t\t\t\t<div class=\"elementor-widget-container\">\n\t\t\t\t\t\t\t\t\t<p>Quant \u00e0 David Leroy, son p\u00e8re \u00e9tait patron de p\u00eache \u00e0 Cherbourg dans les ann\u00e9es 60 sur le bateau \u00ab\u00a0La Belle Poule\u00a0\u00bb. D\u00e8s la fin des ann\u00e9es 80, David commence sa carri\u00e8re en tant que mousse sur le bateau \u00ab\u00a0Boree al\u00a0\u00bb, qui depuis, a \u00e9t\u00e9 rachet\u00e9 par Sophie et David. Fin des ann\u00e9es 90, il remplace son p\u00e8re en tant que patron de p\u00eache sur le \u00ab\u00a0Fred Eric Jacky\u00a0\u00bb et \u00e0 peine 2 mois apr\u00e8s, Sophie et David ach\u00e8tent le \u00ab\u00a0Marie Catherine I\u00a0\u00bb.<\/p><p>Ce n\u2019est pas un poisson, l\u2019<a href=\"https:\/\/www.armement-cherbourgeois.fr\/\" target=\"_blank\" rel=\"noreferrer noopener\">Armement Cherbourgeois<\/a>\u00a0a \u00e9t\u00e9 cr\u00e9e le 01 Avril 1999 et maintenant ce sont 5 bateaux qui sillonnent nos c\u00f4tes Normandes.<\/p>\t\t\t\t\t\t\t\t<\/div>\n\t\t\t\t<\/div>\n\t\t\t\t<div class=\"elementor-element elementor-element-3af5700 elementor-widget elementor-widget-text-editor\" data-id=\"3af5700\" data-element_type=\"widget\" data-widget_type=\"text-editor.default\">\n\t\t\t\t<div class=\"elementor-widget-container\">\n\t\t\t\t\t\t\t\t\t<p>Le 14 F\u00e9vrier 2022, c\u2019est la poissonnerie <a href=\"https:\/\/auxdelicesdelocean.fr\/\">\u00ab Aux D\u00e9lices de l\u2019Oc\u00e9an \u00bb<\/a> \u00e0 Tourlaville qui ouvre ses portes puis en Juin 2023 la Poissonnerie La Saline. Un r\u00eave d\u2019enfance pour Sophie qui poss\u00e8de plus de 30 ans d\u2019exp\u00e9riences dans le m\u00e9tier.<\/p><p>Des <a href=\"https:\/\/www.poissonnerielasaline.fr\/index.php\/nos-fournisseurs\/\">fournisseurs locaux<\/a>, des <a href=\"https:\/\/www.poissonnerielasaline.fr\/index.php\/nos-produits\/\">produits de saison<\/a>, une transparence sur la tra\u00e7abilit\u00e9 des produits sont les valeurs essentielles de nos poissonneries.<\/p><p>Un large choix de poissons, crustac\u00e9s, coquillages en direct du bateau.<\/p>\t\t\t\t\t\t\t\t<\/div>\n\t\t\t\t<\/div>\n\t\t\t\t\t<\/div>\n\t\t\t\t<\/div>\n\t\t<div class=\"elementor-element elementor-element-68334c6 e-grid e-con-boxed e-con e-parent\" data-id=\"68334c6\" data-element_type=\"container\">\n\t\t\t\t\t<div class=\"e-con-inner\">\n\t\t\t\t<div class=\"elementor-element elementor-element-053e738 elementor-widget elementor-widget-image\" data-id=\"053e738\" data-element_type=\"widget\" data-widget_type=\"image.default\">\n\t\t\t\t<div class=\"elementor-widget-container\">\n\t\t\t\t\t\t\t\t\t\t\t\t\t\t\t<img decoding=\"async\" width=\"408\" height=\"305\" data-src=\"https:\/\/www.poissonnerielasaline.fr\/wp-content\/uploads\/2024\/08\/pecheurs-246-408x305-1.jpg\" class=\"attachment-large size-large wp-image-94 lazyload\" alt=\"\" data-srcset=\"https:\/\/www.poissonnerielasaline.fr\/wp-content\/uploads\/2024\/08\/pecheurs-246-408x305-1.jpg 408w, https:\/\/www.poissonnerielasaline.fr\/wp-content\/uploads\/2024\/08\/pecheurs-246-408x305-1-300x224.jpg 300w, https:\/\/www.poissonnerielasaline.fr\/wp-content\/uploads\/2024\/08\/pecheurs-246-408x305-1-334x250.jpg 334w\" data-sizes=\"(max-width: 408px) 100vw, 408px\" src=\"data:image\/svg+xml;base64,PHN2ZyB3aWR0aD0iMSIgaGVpZ2h0PSIxIiB4bWxucz0iaHR0cDovL3d3dy53My5vcmcvMjAwMC9zdmciPjwvc3ZnPg==\" style=\"--smush-placeholder-width: 408px; --smush-placeholder-aspect-ratio: 408\/305;\" \/>\t\t\t\t\t\t\t\t\t\t\t\t\t\t\t<\/div>\n\t\t\t\t<\/div>\n\t\t\t\t<div class=\"elementor-element elementor-element-4526123 elementor-widget elementor-widget-image\" data-id=\"4526123\" data-element_type=\"widget\" data-widget_type=\"image.default\">\n\t\t\t\t<div class=\"elementor-widget-container\">\n\t\t\t\t\t\t\t\t\t\t\t\t\t\t\t<img decoding=\"async\" width=\"408\" height=\"305\" data-src=\"https:\/\/www.poissonnerielasaline.fr\/wp-content\/uploads\/2024\/08\/pecheurs-269-408x305-1.jpg\" class=\"attachment-large size-large wp-image-95 lazyload\" alt=\"\" data-srcset=\"https:\/\/www.poissonnerielasaline.fr\/wp-content\/uploads\/2024\/08\/pecheurs-269-408x305-1.jpg 408w, https:\/\/www.poissonnerielasaline.fr\/wp-content\/uploads\/2024\/08\/pecheurs-269-408x305-1-300x224.jpg 300w, https:\/\/www.poissonnerielasaline.fr\/wp-content\/uploads\/2024\/08\/pecheurs-269-408x305-1-334x250.jpg 334w\" data-sizes=\"(max-width: 408px) 100vw, 408px\" src=\"data:image\/svg+xml;base64,PHN2ZyB3aWR0aD0iMSIgaGVpZ2h0PSIxIiB4bWxucz0iaHR0cDovL3d3dy53My5vcmcvMjAwMC9zdmciPjwvc3ZnPg==\" style=\"--smush-placeholder-width: 408px; --smush-placeholder-aspect-ratio: 408\/305;\" \/>\t\t\t\t\t\t\t\t\t\t\t\t\t\t\t<\/div>\n\t\t\t\t<\/div>\n\t\t\t\t\t<\/div>\n\t\t\t\t<\/div>\n\t\t<div class=\"elementor-element elementor-element-16581be e-flex e-con-boxed e-con e-parent\" data-id=\"16581be\" data-element_type=\"container\">\n\t\t\t\t\t<div class=\"e-con-inner\">\n\t\t\t\t<div class=\"elementor-element elementor-element-4b1604d elementor-widget elementor-widget-text-editor\" data-id=\"4b1604d\" data-element_type=\"widget\" data-widget_type=\"text-editor.default\">\n\t\t\t\t<div class=\"elementor-widget-container\">\n\t\t\t\t\t\t\t\t\t<p>Sur la photo de gauche, tout \u00e0 droite le grand p\u00e8re de Sophie lors d&rsquo;une vente \u00e0 la cri\u00e9e. Sur la deuxi\u00e8me photo, carnet \u00e0 la main, le papa de Sophie aux achats en cri\u00e9e.\u00a0<\/p>\t\t\t\t\t\t\t\t<\/div>\n\t\t\t\t<\/div>\n\t\t\t\t\t<\/div>\n\t\t\t\t<\/div>\n\t\t\t\t<\/div>\n\t\t","protected":false},"excerpt":{"rendered":"<p>Une histoire de famille depuis les ann\u00e9es 50&#8230; La passion de Sophie &amp; David LEROY est un h\u00e9ritage de leurs familles. Les grands parents maternels &hellip;<\/p>\n","protected":false},"author":1,"featured_media":0,"parent":0,"menu_order":0,"comment_status":"closed","ping_status":"closed","template":"","meta":{"footnotes":""},"class_list":["post-92","page","type-page","status-publish","hentry"],"yoast_head":"<!-- This site is optimized with the Yoast SEO plugin v25.6 - https:\/\/yoast.com\/wordpress\/plugins\/seo\/ -->\n<title>Notre histoire - Poissonnerie la Saline | Histoire &amp; Savoir-faire \u00e0 Cherbourg<\/title>\n<meta name=\"description\" content=\"D\u00e9couvrez le parcours familial et la passion maritime \u00e0 l\u2019origine de la Poissonnerie La Saline \u00e0 Cherbourg-en-Cotentin (30 ans d\u2019exp\u00e9rience).\" \/>\n<meta name=\"robots\" content=\"index, follow, max-snippet:-1, max-image-preview:large, max-video-preview:-1\" \/>\n<link rel=\"canonical\" href=\"https:\/\/www.poissonnerielasaline.fr\/index.php\/notre-histoire\/\" \/>\n<meta property=\"og:locale\" content=\"fr_FR\" \/>\n<meta property=\"og:type\" content=\"article\" \/>\n<meta property=\"og:title\" content=\"Notre histoire - Poissonnerie la Saline | Histoire &amp; Savoir-faire \u00e0 Cherbourg\" \/>\n<meta property=\"og:description\" content=\"D\u00e9couvrez le parcours familial et la passion maritime \u00e0 l\u2019origine de la Poissonnerie La Saline \u00e0 Cherbourg-en-Cotentin (30 ans d\u2019exp\u00e9rience).\" \/>\n<meta property=\"og:url\" content=\"https:\/\/www.poissonnerielasaline.fr\/index.php\/notre-histoire\/\" \/>\n<meta property=\"og:site_name\" content=\"Poissonnerie la Saline\" \/>\n<meta property=\"article:publisher\" content=\"https:\/\/www.facebook.com\/poissonnerielasaline\/\" \/>\n<meta property=\"article:modified_time\" content=\"2025-08-11T12:56:35+00:00\" \/>\n<meta property=\"og:image\" content=\"https:\/\/www.poissonnerielasaline.fr\/wp-content\/uploads\/2024\/08\/IMG_1257.jpg\" \/>\n\t<meta property=\"og:image:width\" content=\"960\" \/>\n\t<meta property=\"og:image:height\" content=\"596\" \/>\n\t<meta property=\"og:image:type\" content=\"image\/jpeg\" \/>\n<meta name=\"twitter:card\" content=\"summary_large_image\" \/>\n<meta name=\"twitter:label1\" content=\"Dur\u00e9e de lecture estim\u00e9e\" \/>\n\t<meta name=\"twitter:data1\" content=\"3 minutes\" \/>\n<script type=\"application\/ld+json\" class=\"yoast-schema-graph\">{\"@context\":\"https:\/\/schema.org\",\"@graph\":[{\"@type\":\"WebPage\",\"@id\":\"https:\/\/www.poissonnerielasaline.fr\/index.php\/notre-histoire\/\",\"url\":\"https:\/\/www.poissonnerielasaline.fr\/index.php\/notre-histoire\/\",\"name\":\"Notre histoire - Poissonnerie la Saline | Histoire & Savoir-faire \u00e0 Cherbourg\",\"isPartOf\":{\"@id\":\"https:\/\/www.poissonnerielasaline.fr\/#website\"},\"primaryImageOfPage\":{\"@id\":\"https:\/\/www.poissonnerielasaline.fr\/index.php\/notre-histoire\/#primaryimage\"},\"image\":{\"@id\":\"https:\/\/www.poissonnerielasaline.fr\/index.php\/notre-histoire\/#primaryimage\"},\"thumbnailUrl\":\"https:\/\/www.poissonnerielasaline.fr\/wp-content\/uploads\/2024\/08\/IMG_1257-300x186.jpg\",\"datePublished\":\"2024-08-07T12:00:38+00:00\",\"dateModified\":\"2025-08-11T12:56:35+00:00\",\"description\":\"D\u00e9couvrez le parcours familial et la passion maritime \u00e0 l\u2019origine de la Poissonnerie La Saline \u00e0 Cherbourg-en-Cotentin (30 ans d\u2019exp\u00e9rience).\",\"breadcrumb\":{\"@id\":\"https:\/\/www.poissonnerielasaline.fr\/index.php\/notre-histoire\/#breadcrumb\"},\"inLanguage\":\"fr-FR\",\"potentialAction\":[{\"@type\":\"ReadAction\",\"target\":[\"https:\/\/www.poissonnerielasaline.fr\/index.php\/notre-histoire\/\"]}]},{\"@type\":\"ImageObject\",\"inLanguage\":\"fr-FR\",\"@id\":\"https:\/\/www.poissonnerielasaline.fr\/index.php\/notre-histoire\/#primaryimage\",\"url\":\"https:\/\/www.poissonnerielasaline.fr\/wp-content\/uploads\/2024\/08\/IMG_1257.jpg\",\"contentUrl\":\"https:\/\/www.poissonnerielasaline.fr\/wp-content\/uploads\/2024\/08\/IMG_1257.jpg\",\"width\":960,\"height\":596},{\"@type\":\"BreadcrumbList\",\"@id\":\"https:\/\/www.poissonnerielasaline.fr\/index.php\/notre-histoire\/#breadcrumb\",\"itemListElement\":[{\"@type\":\"ListItem\",\"position\":1,\"name\":\"Accueil\",\"item\":\"https:\/\/www.poissonnerielasaline.fr\/\"},{\"@type\":\"ListItem\",\"position\":2,\"name\":\"Notre histoire\"}]},{\"@type\":\"WebSite\",\"@id\":\"https:\/\/www.poissonnerielasaline.fr\/#website\",\"url\":\"https:\/\/www.poissonnerielasaline.fr\/\",\"name\":\"Poissonnerie la Saline\",\"description\":\"Poissonnerie artisanale \u00e0 Cherbourg\",\"publisher\":{\"@id\":\"https:\/\/www.poissonnerielasaline.fr\/#organization\"},\"potentialAction\":[{\"@type\":\"SearchAction\",\"target\":{\"@type\":\"EntryPoint\",\"urlTemplate\":\"https:\/\/www.poissonnerielasaline.fr\/?s={search_term_string}\"},\"query-input\":{\"@type\":\"PropertyValueSpecification\",\"valueRequired\":true,\"valueName\":\"search_term_string\"}}],\"inLanguage\":\"fr-FR\"},{\"@type\":\"Organization\",\"@id\":\"https:\/\/www.poissonnerielasaline.fr\/#organization\",\"name\":\"Poissonnerie la Saline\",\"url\":\"https:\/\/www.poissonnerielasaline.fr\/\",\"logo\":{\"@type\":\"ImageObject\",\"inLanguage\":\"fr-FR\",\"@id\":\"https:\/\/www.poissonnerielasaline.fr\/#\/schema\/logo\/image\/\",\"url\":\"https:\/\/www.poissonnerielasaline.fr\/wp-content\/uploads\/2024\/07\/LOGO-POISSONNERIE-LA-SALINE.png\",\"contentUrl\":\"https:\/\/www.poissonnerielasaline.fr\/wp-content\/uploads\/2024\/07\/LOGO-POISSONNERIE-LA-SALINE.png\",\"width\":1228,\"height\":722,\"caption\":\"Poissonnerie la Saline\"},\"image\":{\"@id\":\"https:\/\/www.poissonnerielasaline.fr\/#\/schema\/logo\/image\/\"},\"sameAs\":[\"https:\/\/www.facebook.com\/poissonnerielasaline\/\"]}]}<\/script>\n<!-- \/ Yoast SEO plugin. -->","yoast_head_json":{"title":"Notre histoire - Poissonnerie la Saline | Histoire & Savoir-faire \u00e0 Cherbourg","description":"D\u00e9couvrez le parcours familial et la passion maritime \u00e0 l\u2019origine de la Poissonnerie La Saline \u00e0 Cherbourg-en-Cotentin (30 ans d\u2019exp\u00e9rience).","robots":{"index":"index","follow":"follow","max-snippet":"max-snippet:-1","max-image-preview":"max-image-preview:large","max-video-preview":"max-video-preview:-1"},"canonical":"https:\/\/www.poissonnerielasaline.fr\/index.php\/notre-histoire\/","og_locale":"fr_FR","og_type":"article","og_title":"Notre histoire - Poissonnerie la Saline | Histoire & Savoir-faire \u00e0 Cherbourg","og_description":"D\u00e9couvrez le parcours familial et la passion maritime \u00e0 l\u2019origine de la Poissonnerie La Saline \u00e0 Cherbourg-en-Cotentin (30 ans d\u2019exp\u00e9rience).","og_url":"https:\/\/www.poissonnerielasaline.fr\/index.php\/notre-histoire\/","og_site_name":"Poissonnerie la Saline","article_publisher":"https:\/\/www.facebook.com\/poissonnerielasaline\/","article_modified_time":"2025-08-11T12:56:35+00:00","og_image":[{"width":960,"height":596,"url":"https:\/\/www.poissonnerielasaline.fr\/wp-content\/uploads\/2024\/08\/IMG_1257.jpg","type":"image\/jpeg"}],"twitter_card":"summary_large_image","twitter_misc":{"Dur\u00e9e de lecture estim\u00e9e":"3 minutes"},"schema":{"@context":"https:\/\/schema.org","@graph":[{"@type":"WebPage","@id":"https:\/\/www.poissonnerielasaline.fr\/index.php\/notre-histoire\/","url":"https:\/\/www.poissonnerielasaline.fr\/index.php\/notre-histoire\/","name":"Notre histoire - Poissonnerie la Saline | Histoire & Savoir-faire \u00e0 Cherbourg","isPartOf":{"@id":"https:\/\/www.poissonnerielasaline.fr\/#website"},"primaryImageOfPage":{"@id":"https:\/\/www.poissonnerielasaline.fr\/index.php\/notre-histoire\/#primaryimage"},"image":{"@id":"https:\/\/www.poissonnerielasaline.fr\/index.php\/notre-histoire\/#primaryimage"},"thumbnailUrl":"https:\/\/www.poissonnerielasaline.fr\/wp-content\/uploads\/2024\/08\/IMG_1257-300x186.jpg","datePublished":"2024-08-07T12:00:38+00:00","dateModified":"2025-08-11T12:56:35+00:00","description":"D\u00e9couvrez le parcours familial et la passion maritime \u00e0 l\u2019origine de la Poissonnerie La Saline \u00e0 Cherbourg-en-Cotentin (30 ans d\u2019exp\u00e9rience).","breadcrumb":{"@id":"https:\/\/www.poissonnerielasaline.fr\/index.php\/notre-histoire\/#breadcrumb"},"inLanguage":"fr-FR","potentialAction":[{"@type":"ReadAction","target":["https:\/\/www.poissonnerielasaline.fr\/index.php\/notre-histoire\/"]}]},{"@type":"ImageObject","inLanguage":"fr-FR","@id":"https:\/\/www.poissonnerielasaline.fr\/index.php\/notre-histoire\/#primaryimage","url":"https:\/\/www.poissonnerielasaline.fr\/wp-content\/uploads\/2024\/08\/IMG_1257.jpg","contentUrl":"https:\/\/www.poissonnerielasaline.fr\/wp-content\/uploads\/2024\/08\/IMG_1257.jpg","width":960,"height":596},{"@type":"BreadcrumbList","@id":"https:\/\/www.poissonnerielasaline.fr\/index.php\/notre-histoire\/#breadcrumb","itemListElement":[{"@type":"ListItem","position":1,"name":"Accueil","item":"https:\/\/www.poissonnerielasaline.fr\/"},{"@type":"ListItem","position":2,"name":"Notre histoire"}]},{"@type":"WebSite","@id":"https:\/\/www.poissonnerielasaline.fr\/#website","url":"https:\/\/www.poissonnerielasaline.fr\/","name":"Poissonnerie la Saline","description":"Poissonnerie artisanale \u00e0 Cherbourg","publisher":{"@id":"https:\/\/www.poissonnerielasaline.fr\/#organization"},"potentialAction":[{"@type":"SearchAction","target":{"@type":"EntryPoint","urlTemplate":"https:\/\/www.poissonnerielasaline.fr\/?s={search_term_string}"},"query-input":{"@type":"PropertyValueSpecification","valueRequired":true,"valueName":"search_term_string"}}],"inLanguage":"fr-FR"},{"@type":"Organization","@id":"https:\/\/www.poissonnerielasaline.fr\/#organization","name":"Poissonnerie la Saline","url":"https:\/\/www.poissonnerielasaline.fr\/","logo":{"@type":"ImageObject","inLanguage":"fr-FR","@id":"https:\/\/www.poissonnerielasaline.fr\/#\/schema\/logo\/image\/","url":"https:\/\/www.poissonnerielasaline.fr\/wp-content\/uploads\/2024\/07\/LOGO-POISSONNERIE-LA-SALINE.png","contentUrl":"https:\/\/www.poissonnerielasaline.fr\/wp-content\/uploads\/2024\/07\/LOGO-POISSONNERIE-LA-SALINE.png","width":1228,"height":722,"caption":"Poissonnerie la Saline"},"image":{"@id":"https:\/\/www.poissonnerielasaline.fr\/#\/schema\/logo\/image\/"},"sameAs":["https:\/\/www.facebook.com\/poissonnerielasaline\/"]}]}},"_links":{"self":[{"href":"https:\/\/www.poissonnerielasaline.fr\/index.php\/wp-json\/wp\/v2\/pages\/92","targetHints":{"allow":["GET"]}}],"collection":[{"href":"https:\/\/www.poissonnerielasaline.fr\/index.php\/wp-json\/wp\/v2\/pages"}],"about":[{"href":"https:\/\/www.poissonnerielasaline.fr\/index.php\/wp-json\/wp\/v2\/types\/page"}],"author":[{"embeddable":true,"href":"https:\/\/www.poissonnerielasaline.fr\/index.php\/wp-json\/wp\/v2\/users\/1"}],"replies":[{"embeddable":true,"href":"https:\/\/www.poissonnerielasaline.fr\/index.php\/wp-json\/wp\/v2\/comments?post=92"}],"version-history":[{"count":13,"href":"https:\/\/www.poissonnerielasaline.fr\/index.php\/wp-json\/wp\/v2\/pages\/92\/revisions"}],"predecessor-version":[{"id":449,"href":"https:\/\/www.poissonnerielasaline.fr\/index.php\/wp-json\/wp\/v2\/pages\/92\/revisions\/449"}],"wp:attachment":[{"href":"https:\/\/www.poissonnerielasaline.fr\/index.php\/wp-json\/wp\/v2\/media?parent=92"}],"curies":[{"name":"wp","href":"https:\/\/api.w.org\/{rel}","templated":true}]}}